{"id":113,"date":"2015-02-27T23:02:03","date_gmt":"2015-02-27T22:02:03","guid":{"rendered":"http:\/\/kurzy-pily.cz\/?page_id=113"},"modified":"2020-12-07T22:24:52","modified_gmt":"2020-12-07T21:24:52","slug":"aspen-reseni","status":"publish","type":"page","link":"https:\/\/kurzy-pily.cz\/?page_id=113","title":{"rendered":"D\u00e1rkov\u00fd poukaz"},"content":{"rendered":"<h1 style=\"text-align: center;\"><span style=\"color: #ff0000;\"><em><strong>Vyu\u017eijte mo\u017enosti obdarovat sv\u00e9 bl\u00edzk\u00e9 D\u00e1rkov\u00fdm poukazem a zajist\u011bte, \u017ee budou\u00a0pracovat bezpe\u010dn\u011b s\u00a0motorovou pilou, nebo k\u0159ovino\u0159ezem.<\/strong><\/em><\/span><\/h1>\n<h1>\u00a0<a href=\"http:\/\/kurzy-pily.cz\/wp-content\/uploads\/2015\/02\/Poukaz-vzor.jpg\"><img loading=\"lazy\" decoding=\"async\" class=\"size-medium wp-image-429 aligncenter\" src=\"http:\/\/kurzy-pily.cz\/wp-content\/uploads\/2015\/02\/Poukaz-vzor-212x300.jpg\" alt=\"\" width=\"212\" height=\"300\" srcset=\"https:\/\/kurzy-pily.cz\/wp-content\/uploads\/2015\/02\/Poukaz-vzor-212x300.jpg 212w, https:\/\/kurzy-pily.cz\/wp-content\/uploads\/2015\/02\/Poukaz-vzor-768x1085.jpg 768w, https:\/\/kurzy-pily.cz\/wp-content\/uploads\/2015\/02\/Poukaz-vzor-725x1024.jpg 725w, https:\/\/kurzy-pily.cz\/wp-content\/uploads\/2015\/02\/Poukaz-vzor.jpg 794w\" sizes=\"auto, (max-width: 212px) 100vw, 212px\" \/><\/a><\/h1>\n<h4 style=\"text-align: center;\">\u00a0 \u00a0<strong><span style=\"color: #008000;\">Vyberte si typ kurzu, zavolejte, domluv\u00edme podrobnosti a vy budete m\u00edt jistotu, \u017ee v\u00e1mi obdarovan\u00fd bude pracovat bezpe\u010dn\u011b s pilou nebo k\u0159ovino\u0159ezem.<\/span><\/strong><\/h4>\n<p>&nbsp;<\/p>\n<h4 style=\"text-align: center;\"><a href=\"http:\/\/kurzy-pily.cz\/wp-content\/uploads\/2015\/02\/\u017eena-s-pilou.jpg\"><img loading=\"lazy\" decoding=\"async\" class=\"size-medium wp-image-384 alignleft\" src=\"http:\/\/kurzy-pily.cz\/wp-content\/uploads\/2015\/02\/\u017eena-s-pilou-200x300.jpg\" alt=\"\" width=\"200\" height=\"300\" srcset=\"https:\/\/kurzy-pily.cz\/wp-content\/uploads\/2015\/02\/\u017eena-s-pilou-200x300.jpg 200w, https:\/\/kurzy-pily.cz\/wp-content\/uploads\/2015\/02\/\u017eena-s-pilou.jpg 601w\" sizes=\"auto, (max-width: 200px) 100vw, 200px\" \/><\/a><img loading=\"lazy\" decoding=\"async\" class=\"size-full wp-image-385 aligncenter\" src=\"http:\/\/kurzy-pily.cz\/wp-content\/uploads\/2015\/02\/1.jpg\" alt=\"\" width=\"214\" height=\"274\" \/><\/h4>\n<p>&nbsp;<\/p>\n","protected":false},"excerpt":{"rendered":"<p>Vyu\u017eijte mo\u017enosti obdarovat sv\u00e9 bl\u00edzk\u00e9 D\u00e1rkov\u00fdm poukazem a zajist\u011bte, \u017ee budou\u00a0pracovat bezpe\u010dn\u011b s\u00a0motorovou pilou, nebo k\u0159ovino\u0159ezem. \u00a0 \u00a0 \u00a0Vyberte si typ kurzu, zavolejte, domluv\u00edme podrobnosti a vy budete m\u00edt jistotu, \u017ee v\u00e1mi obdarovan\u00fd bude pracovat bezpe\u010dn\u011b s pilou nebo k\u0159ovino\u0159ezem. &nbsp; &nbsp;<\/p>\n","protected":false},"author":1,"featured_media":0,"parent":0,"menu_order":0,"comment_status":"closed","ping_status":"closed","template":"","meta":{"footnotes":""},"class_list":["post-113","page","type-page","status-publish","hentry","nodate","item-wrap"],"_links":{"self":[{"href":"https:\/\/kurzy-pily.cz\/index.php?rest_route=\/wp\/v2\/pages\/113","targetHints":{"allow":["GET"]}}],"collection":[{"href":"https:\/\/kurzy-pily.cz\/index.php?rest_route=\/wp\/v2\/pages"}],"about":[{"href":"https:\/\/kurzy-pily.cz\/index.php?rest_route=\/wp\/v2\/types\/page"}],"author":[{"embeddable":true,"href":"https:\/\/kurzy-pily.cz\/index.php?rest_route=\/wp\/v2\/users\/1"}],"replies":[{"embeddable":true,"href":"https:\/\/kurzy-pily.cz\/index.php?rest_route=%2Fwp%2Fv2%2Fcomments&post=113"}],"version-history":[{"count":8,"href":"https:\/\/kurzy-pily.cz\/index.php?rest_route=\/wp\/v2\/pages\/113\/revisions"}],"predecessor-version":[{"id":430,"href":"https:\/\/kurzy-pily.cz\/index.php?rest_route=\/wp\/v2\/pages\/113\/revisions\/430"}],"wp:attachment":[{"href":"https:\/\/kurzy-pily.cz\/index.php?rest_route=%2Fwp%2Fv2%2Fmedia&parent=113"}],"curies":[{"name":"wp","href":"https:\/\/api.w.org\/{rel}","templated":true}]}}