{"id":192,"date":"2016-02-09T20:11:31","date_gmt":"2016-02-09T19:11:31","guid":{"rendered":"http:\/\/kurzy-pily.cz\/?page_id=192"},"modified":"2016-02-09T20:11:55","modified_gmt":"2016-02-09T19:11:55","slug":"revize-stroju","status":"publish","type":"page","link":"https:\/\/kurzy-pily.cz\/?page_id=192","title":{"rendered":"Revize stroj\u016f"},"content":{"rendered":"<h1><span style=\"color: #ff0000;\">Pro\u010d d\u011blat pravideln\u00e9 revize stroj\u016f?<\/span><\/h1>\n<table class=\"articleAttr\" style=\"height: 23px;\" border=\"0\" width=\"5\" cellspacing=\"0\" cellpadding=\"0\">\n<tbody>\n<tr>\n<td valign=\"top\" width=\"50%\"><\/td>\n<td align=\"right\" valign=\"top\"><\/td>\n<\/tr>\n<\/tbody>\n<\/table>\n<h3 style=\"padding-left: 30px;\">\u00a0<span style=\"text-decoration: underline; color: #ff0000;\">Toto je dost opom\u00edjen\u00e1 povinnost zam\u011bstnavatel\u016f a b\u00fdv\u00e1 finan\u010dn\u011b postihov\u00e1na!!!<\/span><\/h3>\n<div id=\"articleBody\">\n<h2><span style=\"color: #000080;\">Co \u0159\u00edk\u00e1 z\u00e1kon\u00edk pr\u00e1ce<\/span><\/h2>\n<p>Z\u00e1konnou povinnost\u00ed ka\u017ed\u00e9ho zam\u011bstnvatele je prov\u00e1d\u011bt<\/p>\n<p>pravideln\u00e9 revize stroj\u016f a p\u0159\u00edstroj\u016f pou\u017e\u00edvan\u00fdch zam\u011bstnanci.<img loading=\"lazy\" decoding=\"async\" class=\"alignright wp-image-194\" src=\"http:\/\/kurzy-pily.cz\/wp-content\/uploads\/2016\/02\/Obr\u00e1zek1-218x300.png\" alt=\"Obr\u00e1zek1\" width=\"167\" height=\"230\" srcset=\"https:\/\/kurzy-pily.cz\/wp-content\/uploads\/2016\/02\/Obr\u00e1zek1-218x300.png 218w, https:\/\/kurzy-pily.cz\/wp-content\/uploads\/2016\/02\/Obr\u00e1zek1.png 541w\" sizes=\"auto, (max-width: 167px) 100vw, 167px\" \/><\/p>\n<p><em>Z\u00e1kon \u010d 309\/2006 sb. \u00a74: Po\u017eadavky na v\u00fdrobn\u00ed a pracovn\u00ed<\/em><\/p>\n<p><em> prost\u0159edky a za\u0159\u00edzen\u00ed. odst. 1) p\u00edsm. c) stroje, technick\u00e9 za\u0159\u00edzen\u00ed<\/em><\/p>\n<p><em>, dopravn\u00ed prost\u0159edky a n\u00e1\u0159ad\u00ed mus\u00ed b\u00fdt pravideln\u011b<\/em><\/p>\n<p><em> a \u0159\u00e1dn\u011b udr\u017eov\u00e1ny, kontrolov\u00e1ny a revidov\u00e1ny.<\/em><\/p>\n<h2><span style=\"color: #000080;\">Bu\u010fte p\u0159ipraveni na mo\u017en\u00e9 pr\u00e1vn\u00ed tahanice<\/span><\/h2>\n<p>Pravideln\u00fdmi revizemi stroj\u016f zamez\u00edte soudn\u00ed napadnutelnosti za zanedb\u00e1n\u00ed povinnost\u00ed zam\u011bstnavatele v p\u0159\u00edpad\u011b \u00farazu zam\u011bstnance.<\/p>\n<p>P\u0159edstavte si, jak pr\u00e1vn\u00edk \u0159\u00edk\u00e1 zran\u011bn\u00e9mu zam\u011bstnanci, \u017ee m\u016f\u017ee vysoudit statis\u00edce. M\u00e1lokdy takov\u00fd zam\u011bstnanec odol\u00e1 p\u0159\u00edle\u017eitosti.<\/p>\n<p>Poji\u0161\u0165ovny tak\u00e9 r\u00e1dy d\u011blaj\u00ed pot\u00ed\u017ee s likvidac\u00ed pojistn\u00fdch ud\u00e1lost\u00ed v p\u0159\u00edpad\u011b zran\u011bn\u00ed zam\u011bstnance a po\u0161kozen\u00ed majetku.<\/p>\n<h2>Pravideln\u00e9 revizn\u00ed kontroly<\/h2>\n<p>1. prodlu\u017euj\u00ed \u017eivotnost a sni\u017euj\u00ed celkov\u00e9 n\u00e1klady na strojov\u00fd park<br \/>\n2. zabra\u0148uj\u00ed nevratn\u00e9mu po\u0161kozov\u00e1n\u00ed stroj\u016f<br \/>\n3. efektivn\u011b ochr\u00e1n\u00ed p\u0159ed hladov\u00fdmi pr\u00e1vn\u00edky<br \/>\n4. pomohou snaz\u0161\u00ed likvidaci pojistn\u00fdch ud\u00e1lost\u00ed<\/p>\n<h3><span style=\"color: #000080;\">P\u0159\u00edklady stroj\u016f pro pravideln\u00e9 revize<\/span><\/h3>\n<ul>\n<li>motorov\u00e9 \u0159et\u011bzov\u00e9 pily<\/li>\n<li>travn\u00ed k\u0159ovino\u0159ezy a vy\u017e\u00edna\u010de<\/li>\n<li>travn\u00ed pojezdov\u00e9 seka\u010dky a mul\u010dova\u010de<\/li>\n<li>travn\u00ed malotraktory s dvoutaktn\u00edm a \u010dty\u0159taktn\u00edm motorem<\/li>\n<li>ridery<\/li>\n<li>rozbru\u0161ovac\u00ed pily<\/li>\n<li>sn\u011bhov\u00e9 fr\u00e9zy a prohrnova\u010de se spalovac\u00edm motorem<\/li>\n<\/ul>\n<h2><span style=\"color: #000080;\">Co m\u016f\u017eete od revize o\u010dek\u00e1vat?<\/span><\/h2>\n<p>Jednozna\u010dn\u011b stroj v naprosto perfektn\u00edm provozn\u011b-technick\u00e9m stavu &#8211; bezpe\u010dnost, provozuschopnost a pohotovost. Obdr\u017e\u00edte revizn\u00ed protokoly ke ka\u017ed\u00e9mu stroji. D\u00edky t\u011bmto protokol\u016fm budete m\u00edt jistotu, \u017ee jste jako zam\u011bstnavatel\u00e9 u\u010dinili v\u0161e pro bezpe\u010dnost zam\u011bstnanc\u016f.<\/p>\n<h2><span style=\"color: #000080;\">Jak \u010dasto revize prov\u00e1d\u011bt?<\/span><\/h2>\n<p>Nap\u0159\u00edklad p\u0159i pr\u00e1ci s motorovou pilou je riziko \u00farazu v\u00fdrazn\u011b vy\u0161\u0161\u00ed ne\u017e p\u0159i se\u010den\u00ed tr\u00e1vy. Vhodn\u00e9 intervaly k reviz\u00edm (obvykle po 500 hodin\u00e1ch provozu) zjist\u00edte ze z\u00e1znam\u016f o provozu stroje.<\/p>\n<p>Pokud jste dosud tyto z\u00e1znamy nevedli a nev\u00edte, kolik hodin m\u00e1 stroj odpracov\u00e1no, nic se ned\u011bje. P\u0159i prohl\u00eddce stanov\u00edm p\u0159ibli\u017en\u00fd po\u010det hodin a pomohu V\u00e1m zav\u00e9st provozn\u00ed den\u00edky. T\u00edm z\u00edsk\u00e1te p\u0159ehled o provozu stroj\u016f, budete m\u00edt pod kontrolou ve\u0161ker\u00e9 odst\u00e1vky stroje, servisn\u00ed \u00fakony na stroj\u00edch a po\u010dty hodin provozu. Ur\u010dit dal\u0161\u00ed term\u00edn revize pak bude snadn\u00e9.<\/p>\n<p>Nemus\u00edte se ob\u00e1vat zv\u00fd\u0161en\u00e9 administrativy, je mo\u017en\u00e9 prov\u00e1d\u011bt revize preventivn\u011b p\u0159ed ka\u017edou sez\u00f3nou. Je nepravd\u011bpodobn\u00e9, \u017ee by byl stroj p\u0159et\u00ed\u017een b\u011bhem jedn\u00e9 sez\u00f3ny.<\/p>\n<h2><span style=\"color: #000080;\">Kdo m\u016f\u017ee revize prov\u00e1d\u011bt?<\/span><\/h2>\n<p>Jedin\u011b pravideln\u011b pro\u0161kolovan\u00e9 a autorizovan\u00e9 servisn\u00ed st\u0159edisko nebo instruktor obsluha motorov\u00fdch pil. Technicky zam\u011b\u0159en\u00fd zam\u011bstnanec, \u00fadr\u017eb\u00e1\u0159 nebo t\u0159eba automechanik nesta\u010d\u00ed. Pro p\u0159\u00edpad kontroly z Oblastn\u00edho Inspektor\u00e1tu pr\u00e1ce \u010di jin\u00fdch instituc\u00ed ode mne z\u00edsk\u00e1te kopii osv\u011bd\u010den\u00ed ke ka\u017ed\u00e9 revizn\u00ed sad\u011b o pravideln\u00e9m odborn\u00e9m \u0161kolen\u00ed revizn\u00edho technika.<\/p>\n<\/div>\n","protected":false},"excerpt":{"rendered":"<p>Pro\u010d d\u011blat pravideln\u00e9 revize stroj\u016f? \u00a0Toto je dost opom\u00edjen\u00e1 povinnost zam\u011bstnavatel\u016f a b\u00fdv\u00e1 finan\u010dn\u011b postihov\u00e1na!!! Co \u0159\u00edk\u00e1 z\u00e1kon\u00edk pr\u00e1ce Z\u00e1konnou povinnost\u00ed ka\u017ed\u00e9ho zam\u011bstnvatele je prov\u00e1d\u011bt pravideln\u00e9 revize stroj\u016f a p\u0159\u00edstroj\u016f pou\u017e\u00edvan\u00fdch zam\u011bstnanci. Z\u00e1kon \u010d 309\/2006 sb. \u00a74: Po\u017eadavky na v\u00fdrobn\u00ed a pracovn\u00ed prost\u0159edky a za\u0159\u00edzen\u00ed. odst. 1) p\u00edsm. c) stroje, technick\u00e9 za\u0159\u00edzen\u00ed , dopravn\u00ed prost\u0159edky &hellip; <\/p>\n<p><a class=\"more-link btn\" href=\"https:\/\/kurzy-pily.cz\/?page_id=192\">Pokra\u010dovat ve \u010dten\u00ed<\/a><\/p>\n","protected":false},"author":1,"featured_media":0,"parent":0,"menu_order":0,"comment_status":"closed","ping_status":"closed","template":"","meta":{"footnotes":""},"class_list":["post-192","page","type-page","status-publish","hentry","nodate","item-wrap"],"_links":{"self":[{"href":"https:\/\/kurzy-pily.cz\/index.php?rest_route=\/wp\/v2\/pages\/192","targetHints":{"allow":["GET"]}}],"collection":[{"href":"https:\/\/kurzy-pily.cz\/index.php?rest_route=\/wp\/v2\/pages"}],"about":[{"href":"https:\/\/kurzy-pily.cz\/index.php?rest_route=\/wp\/v2\/types\/page"}],"author":[{"embeddable":true,"href":"https:\/\/kurzy-pily.cz\/index.php?rest_route=\/wp\/v2\/users\/1"}],"replies":[{"embeddable":true,"href":"https:\/\/kurzy-pily.cz\/index.php?rest_route=%2Fwp%2Fv2%2Fcomments&post=192"}],"version-history":[{"count":8,"href":"https:\/\/kurzy-pily.cz\/index.php?rest_route=\/wp\/v2\/pages\/192\/revisions"}],"predecessor-version":[{"id":202,"href":"https:\/\/kurzy-pily.cz\/index.php?rest_route=\/wp\/v2\/pages\/192\/revisions\/202"}],"wp:attachment":[{"href":"https:\/\/kurzy-pily.cz\/index.php?rest_route=%2Fwp%2Fv2%2Fmedia&parent=192"}],"curies":[{"name":"wp","href":"https:\/\/api.w.org\/{rel}","templated":true}]}}