{"id":213,"date":"2016-03-02T17:02:57","date_gmt":"2016-03-02T16:02:57","guid":{"rendered":"http:\/\/kurzy-pily.cz\/?page_id=213"},"modified":"2016-03-02T17:07:31","modified_gmt":"2016-03-02T16:07:31","slug":"reference","status":"publish","type":"page","link":"https:\/\/kurzy-pily.cz\/?page_id=213","title":{"rendered":"Reference"},"content":{"rendered":"<h1 class=\"post-title entry-title\">Reference<\/h1>\n<div class=\"post-meta clearfix\">\u00a0<strong>Dobr\u00fd den Petro a Jirko.<\/strong><\/p>\n<div>Sna\u017eil jsem se zaregistrovat na Va\u0161ich str\u00e1nk\u00e1ch, ale kdy\u017e dojde na p\u0159ihl\u00e1\u0161en\u00ed,tak to nefunguje.<\/div>\n<div>Facebook nem\u00e1m, tak bych cht\u011bl Va\u0161im prost\u0159ednictv\u00edm po\u017e\u00e1dat o vlo\u017een\u00ed pod\u011bkov\u00e1n\u00ed do referenc\u00ed.<\/div>\n<div>&#8212;&#8212;&#8212;&#8212;&#8212;&#8212;&#8212;&#8212;&#8212;&#8212;&#8212;&#8212;&#8212;&#8212;&#8212;&#8212;&#8212;&#8212;&#8212;&#8212;&#8212;&#8212;&#8212;&#8212;&#8212;&#8212;&#8212;&#8212;&#8212;&#8212;&#8212;&#8212;&#8212;&#8212;&#8212;&#8212;&#8212;&#8212;&#8212;&#8212;&#8212;&#8212;&#8212;&#8212;&#8212;&#8212;&#8212;&#8212;&#8212;&#8212;&#8212;&#8212;&#8212;&#8212;&#8212;&#8212;&#8212;&#8212;&#8212;&#8212;&#8212;&#8212;&#8212;<\/div>\n<div>\n<div><strong>Spokojenost.<\/strong><\/div>\n<div>Mile n\u00e1s p\u0159ekvapil kurz na motorovou pilu a k\u0159ovino\u0159ez, viz : kurzy-pily s.r.o. pod veden\u00edm Jirky a Petry Felgrov\u00fdch.<\/div>\n<div>Velice kladn\u011b hodnot\u00edme profesion\u00e1ln\u00ed p\u0159\u00edstup , prost\u0159ed\u00ed a v\u016fbec odbornost a zku\u0161enosti t\u00fdmu.<\/div>\n<div>Jsme bohat\u0161\u00ed o mnoho zku\u0161enost\u00ed, kter\u00e9 jsou velk\u00fdm p\u0159\u00ednosem pro pr\u00e1ci s motorovou pilou a k\u0159ovino\u0159ezem.<\/div>\n<div>Chceme touto cestou je\u0161t\u011b jednou pod\u011bkovat a pop\u0159\u00e1t mnoho \u00fasp\u011bch\u016f v podnik\u00e1n\u00ed &#8211; jen tak d\u00e1l.<\/div>\n<div>Lajmr \u00a0M\u011bln\u00edk.<\/div>\n<\/div>\n<div>&#8212;&#8212;&#8212;&#8212;&#8212;&#8212;&#8212;&#8212;&#8212;&#8212;&#8212;&#8212;&#8212;&#8212;&#8212;&#8212;&#8212;&#8212;&#8212;&#8212;&#8212;&#8212;&#8212;&#8212;&#8212;&#8212;&#8212;&#8212;&#8212;&#8212;&#8212;&#8212;&#8212;&#8212;&#8212;&#8212;&#8212;&#8212;&#8212;&#8212;&#8212;&#8212;&#8212;&#8212;&#8212;&#8212;&#8212;&#8212;&#8212;&#8212;&#8212;&#8212;&#8212;&#8212;&#8212;&#8212;&#8212;&#8212;&#8212;&#8212;&#8212;&#8212;&#8211;<\/div>\n<div><strong>D\u011bkujem a n\u011bkdy nashle Lajmr M<\/strong>.<\/div>\n<div><\/div>\n<div><\/div>\n<\/div>\n<div class=\"entry-content clearfix\">\n<p><b>Pod\u011bkov\u00e1n\u00ed<\/b><b>:<\/b><\/p>\n<p><strong>\u00a0 \u00a0 \u00a0 \u00a0V\u00e1\u017een\u00ed Jirko a Petro Felgrovi,<\/strong><\/p>\n<p>dovolte mi, abych V\u00e1m\u00a0<strong>a cel\u00e9mu \u00a0t\u00fdmu lektor\u016f pod\u011bkoval<\/strong>\u00a0za p\u0159\u00e1telsk\u00fd a profesion\u00e1ln\u00ed p\u0159\u00edstup k na\u0161im hasi\u010d\u016fm s okresu Nymburk.<\/p>\n<p>D\u011bkujeme za vy\u010derp\u00e1vaj\u00edc\u00ed nasazen\u00ed p\u0159i teoretick\u00e9m a praktick\u00e9m zau\u010den\u00ed pr\u00e1ce s motorovou pilou.V\u0161e bylo velice zaj\u00edmav\u00e9 a nau\u010dn\u00e9, v\u0159ele V\u00e1s doporu\u010dujeme.T\u011b\u0161\u00edme se na dal\u0161\u00ed spolupr\u00e1ci.<\/p>\n<p>Za OSH Nymburk a celou radu velitel\u016f, Josef \u010capek <img decoding=\"async\" class=\"wp-smiley\" src=\"http:\/\/pily-jpo.cz\/wp-includes\/images\/smilies\/icon_smile.gif\" alt=\":)\" \/> \u00a026. 11. 2015<\/p>\n<p><a href=\"http:\/\/pily-jpo.cz\/wp-content\/uploads\/2013\/09\/DSCF4294.jpg\"><img loading=\"lazy\" decoding=\"async\" class=\"size-medium wp-image-164 alignleft\" src=\"http:\/\/pily-jpo.cz\/wp-content\/uploads\/2013\/09\/DSCF4294-300x224.jpg\" alt=\"DSCF4294\" width=\"300\" height=\"224\" \/><\/a><\/p>\n<p><a href=\"http:\/\/pily-jpo.cz\/wp-content\/uploads\/2013\/09\/DSCF4291.jpg\"><img loading=\"lazy\" decoding=\"async\" class=\"size-medium wp-image-163 alignnone\" src=\"http:\/\/pily-jpo.cz\/wp-content\/uploads\/2013\/09\/DSCF4291-224x300.jpg\" alt=\"DSCF4291\" width=\"224\" height=\"300\" \/><\/a><\/p>\n<p>&nbsp;<\/p>\n<p><b><a href=\"http:\/\/pily-jpo.cz\/wp-content\/uploads\/2013\/09\/P1100770.jpg\"><img loading=\"lazy\" decoding=\"async\" class=\"alignright size-full wp-image-40\" src=\"http:\/\/pily-jpo.cz\/wp-content\/uploads\/2013\/09\/P1100770.jpg\" alt=\"P1100770\" width=\"403\" height=\"302\" \/><\/a><\/b><\/p>\n<div>\n<div><a href=\"https:\/\/www.facebook.com\/petr.petrasek\" data-hovercard=\"\/ajax\/hovercard\/user.php?id=100000045161922\">Petr Peaters<\/a><\/div>\n<p><a href=\"https:\/\/www.facebook.com\/permalink.php?story_fbid=1636553609932274&amp;id=1418706558383648\"><abbr title=\"21. listopad 2015 v 19:11\" data-utime=\"1448129491\">21. listopad 2015 v 19:11<\/abbr><\/a><\/p>\n<\/div>\n<p>Moc d\u011bkujeme za kurz, bylo to opravdu super a v\u0161em doporu\u010dujeme. Super parta lektor\u016f. HASI\u010cI PRAHA \u2013 B\u0159ezin\u011bves<\/p>\n<p><b><br \/>\n<\/b>\u00a0<b>SDH \u010cist\u00e1 u Rakovn\u00edka<\/b><b><br \/>\n<\/b>Pavel Mare\u010dek \u00a0\u00a0\u00a0http:\/\/www.pozary.cz\/diskuze\/hasicina\/legislativa\/kurz-<wbr \/>motorovych-<wbr \/>pil-<wbr \/>ktery-<wbr \/>je-<wbr \/>inzerovan-<wbr \/>na-<wbr \/>pozarech-<wbr \/>3360\/<br \/>\n<b>SDH Jen\u0161tejn<\/b><br \/>\n21.12.2009 11:59<br \/>\nAhoj na\u0161e jednotka pro\u0161la t\u00edmto \u0161kolen\u00edm, p\u0159\u00edstup \u0161kolitel\u016f a v\u016fbec cel\u00e9 firmy hodnot\u00edme za velkou 1* :-<wbr \/>) jinak si mysl\u00edm \u017ee n\u00e1s v\u0161echny nau\u010dili dost jak po str\u00e1nce teorie a tak\u00e9 praxe, v r\u00e1mci rozsahu kter\u00fd byl k dispozici. Konzultovali jsme pr\u016fkaz a i cel\u00e9 \u0161kolen\u00ed na HZS a v\u0161e je v po\u0159\u00e1dku. Chci t\u00edmto ve\u0159ejn\u011b firm\u011b pod\u011bkovat za toto \u0161kolen\u00ed. Pavel Mare\u010dek.<br \/>\nSDH Jen\u0161tejn V\u00e1m d\u011bkuje za proveden\u00ed kurzu obsluhovatel\u016f motorov\u00fdch pil pro JPO Jen\u0161tejn.\u0160kolen\u00ed bylo provedeno velmi profesion\u00e1ln\u011b jak po str\u00e1nce teoretick\u00e9 (vysv\u011btlen\u00ed bezpe\u010dnosti p\u0159i obsluze motorov\u00fdch pil,) tak i praktick\u00e9 (n\u00e1cvik obsluhy v ter\u00e9nu).<\/p>\n<p>Tak\u017ee i\u00a0jednotlivci bez p\u0159edchoz\u00edch zku\u0161enost\u00ed kurz zvl\u00e1dli.\u0160kolitel\u00e9 Jirka a Mates byli super a nau\u010dili n\u00e1s v\u011bci nad r\u00e1mec \u0161kolen\u00ed.<\/p>\n<p>Za obecn\u00ed \u00fa\u0159ad Jen\u0161tejn velitel jednotky Patrik Sedl\u00e1\u010dek a \u010dlenov\u00e9 jednotky Petr N\u011bme\u010dek, Adam Ko\u010dvar<br \/>\n<b>SDH Zlonice<\/b><br \/>\nV\u00e1\u017een\u00ed Petro a Ji\u0159\u00ed Felgrovi,<br \/>\ndovolte mi kr\u00e1tce zhodnotit na\u0161imi zam\u011bstnanci absolvovan\u00fd kurz k obsluze p\u0159enosn\u00fdch mot. \u0159et\u011bzov\u00fdch a rozbru\u0161ovac\u00edch pil po dotazech u nich :<br \/>\n&#8211;<wbr \/>\u00a0kurz byl dostate\u010dn\u011b srozumiteln\u00fd a obsahem zcela vy\u010derp\u00e1vaj\u00edc\u00ed<br \/>\n&#8211;<wbr \/>\u00a0vysv\u011btlen\u00ed po celou dobu bylo na v\u00fdborn\u00e9 \u00farovni<br \/>\n&#8211;<wbr \/>\u00a0v\u011bdomosti zde nabyt\u00e9 budou z\u00fa\u010dastn\u011bn\u00fdmi vyu\u017eity v praxi<br \/>\n&#8211;<wbr \/>\u00a0lekto\u0159i byli dle vyj\u00e1d\u0159en\u00ed na\u0161ich hasi\u010d\u016f \u0161pi\u010dkov\u00ed<br \/>\nV\u0161ichni d\u011bkujeme a p\u0159\u00ed\u0161t\u011b budeme r\u00e1di za op\u011btn\u00e9 pro\u0161kolen\u00ed Va\u0161\u00ed firmou.<br \/>\nLudv\u00edk Haisman, ved. spr\u00e1vy a \u00fadr\u017eby \u00daM\u011b Zlonice<br \/>\nPS: pouze p\u0159\u00ed\u0161t\u011b zavolat \u201enahoru\u201c o men\u0161\u00ed zimu.<\/p>\n<p><b>SDH Uni\u010dov<br \/>\n<\/b>Zdrav\u00edm V\u00e1s,<br \/>\ntak jsme o v\u00edkendu zd\u00e1rn\u011b absolvovali kurz obsluhy MRP. D\u011bkujeme t\u00edmto<br \/>\nlektor\u016fm, byl to u\u017eite\u010dn\u011b a p\u0159\u00edjemn\u011b str\u00e1ven\u00fd \u010das<\/p>\n<\/div>\n","protected":false},"excerpt":{"rendered":"<p>Reference \u00a0Dobr\u00fd den Petro a Jirko. Sna\u017eil jsem se zaregistrovat na Va\u0161ich str\u00e1nk\u00e1ch, ale kdy\u017e dojde na p\u0159ihl\u00e1\u0161en\u00ed,tak to nefunguje. Facebook nem\u00e1m, tak bych cht\u011bl Va\u0161im prost\u0159ednictv\u00edm po\u017e\u00e1dat o vlo\u017een\u00ed pod\u011bkov\u00e1n\u00ed do referenc\u00ed. &#8212;&#8212;&#8212;&#8212;&#8212;&#8212;&#8212;&#8212;&#8212;&#8212;&#8212;&#8212;&#8212;&#8212;&#8212;&#8212;&#8212;&#8212;&#8212;&#8212;&#8212;&#8212;&#8212;&#8212;&#8212;&#8212;&#8212;&#8212;&#8212;&#8212;&#8212;&#8212;&#8212;&#8212;&#8212;&#8212;&#8212;&#8212;&#8212;&#8212;&#8212;&#8212;&#8212;&#8212;&#8212;&#8212;&#8212;&#8212;&#8212;&#8212;&#8212;&#8212;&#8212;&#8212;&#8212;&#8212;&#8212;&#8212;&#8212;&#8212;&#8212;&#8212;&#8212; Spokojenost. Mile n\u00e1s p\u0159ekvapil kurz na motorovou pilu a k\u0159ovino\u0159ez, viz : kurzy-pily s.r.o. pod veden\u00edm Jirky a Petry Felgrov\u00fdch. Velice &hellip; <\/p>\n<p><a class=\"more-link btn\" href=\"https:\/\/kurzy-pily.cz\/?page_id=213\">Pokra\u010dovat ve \u010dten\u00ed<\/a><\/p>\n","protected":false},"author":1,"featured_media":0,"parent":0,"menu_order":0,"comment_status":"closed","ping_status":"closed","template":"","meta":{"footnotes":""},"class_list":["post-213","page","type-page","status-publish","hentry","nodate","item-wrap"],"_links":{"self":[{"href":"https:\/\/kurzy-pily.cz\/index.php?rest_route=\/wp\/v2\/pages\/213","targetHints":{"allow":["GET"]}}],"collection":[{"href":"https:\/\/kurzy-pily.cz\/index.php?rest_route=\/wp\/v2\/pages"}],"about":[{"href":"https:\/\/kurzy-pily.cz\/index.php?rest_route=\/wp\/v2\/types\/page"}],"author":[{"embeddable":true,"href":"https:\/\/kurzy-pily.cz\/index.php?rest_route=\/wp\/v2\/users\/1"}],"replies":[{"embeddable":true,"href":"https:\/\/kurzy-pily.cz\/index.php?rest_route=%2Fwp%2Fv2%2Fcomments&post=213"}],"version-history":[{"count":4,"href":"https:\/\/kurzy-pily.cz\/index.php?rest_route=\/wp\/v2\/pages\/213\/revisions"}],"predecessor-version":[{"id":464,"href":"https:\/\/kurzy-pily.cz\/index.php?rest_route=\/wp\/v2\/pages\/213\/revisions\/464"}],"wp:attachment":[{"href":"https:\/\/kurzy-pily.cz\/index.php?rest_route=%2Fwp%2Fv2%2Fmedia&parent=213"}],"curies":[{"name":"wp","href":"https:\/\/api.w.org\/{rel}","templated":true}]}}