{"id":336,"date":"2018-05-21T20:54:04","date_gmt":"2018-05-21T19:54:04","guid":{"rendered":"http:\/\/kurzy-pily.cz\/?page_id=336"},"modified":"2018-05-21T21:11:55","modified_gmt":"2018-05-21T20:11:55","slug":"gdpr","status":"publish","type":"page","link":"https:\/\/kurzy-pily.cz\/?page_id=336","title":{"rendered":"GDPR"},"content":{"rendered":"<h2><span style=\"color: #008000;\"><strong>Z\u00e1sady zpracov\u00e1n\u00ed osobn\u00edch \u00fadaj\u016f.<\/strong><\/span><\/h2>\n<p>T\u00edmto dokumentem v\u00e1m poskytujeme informace o zp\u016fsobu a rozsahu zpracov\u00e1n\u00ed va\u0161ich osobn\u00edch \u00fadaj\u016f, v\u010detn\u011b rozsahu va\u0161ich pr\u00e1v souvisej\u00edc\u00edch se zpracov\u00e1n\u00edm osobn\u00edch \u00fadaj\u016f.<\/p>\n<p>P\u0159e\u010dt\u011bte si, pros\u00edm, tyto Z\u00e1sady zpracov\u00e1n\u00ed osobn\u00edch \u00fadaj\u016f pe\u010dliv\u011b. Ud\u011blali jsme v\u0161e pro to, aby byly co nejsrozumiteln\u011bj\u0161\u00ed.<\/p>\n<p>Co se dozv\u00edte o zpracov\u00e1n\u00ed osobn\u00edch \u00fadaj\u016f?<\/p>\n<ul>\n<li>Jak\u00e9 osobn\u00ed \u00fadaje shroma\u017e\u010fujeme,<\/li>\n<li>jak s nimi nakl\u00e1d\u00e1me,<\/li>\n<li>z jak\u00fdch zdroj\u016f je z\u00edsk\u00e1v\u00e1me,<\/li>\n<li>k jak\u00fdm \u00fa\u010del\u016fm je vyu\u017e\u00edv\u00e1me,<\/li>\n<li>komu je sm\u00edme poskytnout,<\/li>\n<li>kde m\u016f\u017eete z\u00edskat informace o sv\u00fdch osobn\u00edch \u00fadaj\u00edch, kter\u00e9 zpracov\u00e1v\u00e1me,<\/li>\n<li>a jak\u00e9 jsou mo\u017enosti zabezpe\u010den\u00ed pro ka\u017ed\u00e9ho.<\/li>\n<\/ul>\n<p>Ochranu soukrom\u00ed a osobn\u00edch \u00fadaj\u016f klienta pova\u017eujeme za prvo\u0159adou povinnost. S osobn\u00edmi \u00fadaji nakl\u00e1d\u00e1me v\u00fdhradn\u011b v souladu s platnou legislativou.<\/p>\n<p>Z\u00e1sada zpracov\u00e1n\u00ed osobn\u00edch \u00fadaj\u016f ve firm\u011b Petra Felgrov\u00e1, kurzy-pily s.r.o. p\u0159edstavuj\u00ed obecn\u011b platn\u00fd dokument, kter\u00fd se t\u00fdk\u00e1 ochrany a zpracov\u00e1n\u00ed osobn\u00edch \u00fadaj\u016f fyzick\u00fdch osob i pr\u00e1vnick\u00fdch osob &#8211; z\u00e1kazn\u00edk\u016f (d\u00e1le jen &#8222;subjektu \u00fadaj\u016f&#8220;). Dokument budeme pr\u016fb\u011b\u017en\u011b dopl\u0148ovat.<\/p>\n<p><strong>D\u016fle\u017eit\u00e9 kontakty ochrany osobn\u00edch \u00fadaj\u016f<\/strong><\/p>\n<p><u>Informace o spr\u00e1vci osobn\u00edch \u00fadaj\u016f:<\/u><\/p>\n<p><strong>Petra Felgrov\u00e1, kurzy-pily s.r.o.<\/strong><\/p>\n<p><strong>U Krbu 1434\/13<br \/>\n100 00 Praha 10<br \/>\nI\u010c: 03031381<\/strong><\/p>\n<p><strong>\u00da\u010dely zpracov\u00e1n\u00ed va\u0161ich osobn\u00edch \u00fadaj\u016f<\/strong><\/p>\n<p>Va\u0161e osobn\u00ed \u00fadaje zpracov\u00e1v\u00e1me v rozsahu, kter\u00fd je nezbytn\u00fd pro poskytov\u00e1n\u00ed slu\u017eeb spojen\u00fdch s va\u0161\u00ed \u00fa\u010dast\u00ed v\u00a0Rekvalifika\u010dn\u00edch kurzech a \u0161kolen\u00edch BOZP (d\u00e1le ji\u017e jen kurzech), nebo\u0165 pouze s jejich vyu\u017eit\u00edm lze poskytnout v\u00fdhody, kter\u00e9 jsou pro Z\u00e1kazn\u00edky d\u016fvodem k \u00fa\u010dasti v kurzech.<\/p>\n<p>Osobn\u00ed \u00fadaje poskytnut\u00e9 spr\u00e1vci p\u0159i registraci do kurz\u016f \u010di n\u00e1sledn\u011b p\u0159i \u00fa\u010dasti v kurzech, stejn\u011b jako \u00fadaje shrom\u00e1\u017ed\u011bn\u00e9 po dobu va\u0161\u00ed \u00fa\u010dasti v kurzech, jsou automatizovan\u011b zpracov\u00e1ny prost\u0159ednictv\u00edm softwaru za \u00fa\u010delem:<\/p>\n<ul>\n<li>registrace v kurzech,<\/li>\n<li>vyd\u00e1n\u00ed Osv\u011bd\u010den\u00ed, Pr\u016fkazu odborn\u00e9 kvalifikace<\/li>\n<li>komunikace v r\u00e1mci kurz\u016f, (periodick\u00e9 \u0161kolen\u00ed apod.)<\/li>\n<\/ul>\n<p>Va\u0161e osobn\u00ed \u00fadaje zpracov\u00e1v\u00e1me v rozsahu, kter\u00fd je nezbytn\u00fd pro poskytnut\u00ed slu\u017eeb spojen\u00fdch s va\u0161\u00ed \u00fa\u010dast\u00ed v\u00a0kurzech.<\/p>\n<p>Poskytnut\u00ed va\u0161ich osobn\u00edch \u00fadaj\u016f je zcela dobrovoln\u00e9, pokud n\u00e1m po\u017eadovan\u00e9 osobn\u00ed \u00fadaje odm\u00edtnete sd\u011blit, nen\u00ed mo\u017en\u00e9 v\u00e1m umo\u017enit \u00fa\u010dast v\u00a0kurzech.<\/p>\n<p><strong>Opr\u00e1vn\u011bn\u00e9 z\u00e1jmy zpracov\u00e1n\u00ed va\u0161ich osobn\u00edch \u00fadaj\u016f<\/strong><\/p>\n<p>Zpracov\u00e1n\u00ed osobn\u00edch \u00fadaj\u016f klient\u016f je nezbytn\u00e9 pro poskytov\u00e1n\u00ed slu\u017eeb spojen\u00fdch s \u00fa\u010dast\u00ed v kurzech a je tedy opr\u00e1vn\u011bn\u00fdm z\u00e1jmem <strong>Petra Felgrov\u00e1, kurzy-pily s.r.o., <\/strong>co\u017e je z\u00e1konn\u00e1 povinnost.<\/p>\n<p><strong>Kategorie zpracov\u00e1van\u00fdch osobn\u00edch \u00fadaj\u016f<\/strong><\/p>\n<ul>\n<li><strong>Identifika\u010dn\u00ed \u00fadaje<\/strong>\u00a0&#8211; jm\u00e9no, p\u0159\u00edjmen\u00ed a datum narozen\u00ed. Tedy osobn\u00ed \u00fadaje, d\u00edky kter\u00fdm v\u00e1s jednozna\u010dn\u011b a nezam\u011bniteln\u011b identifikujeme.<\/li>\n<li><strong>Kontaktn\u00ed \u00fadaje<\/strong>\u00a0&#8211; p\u0159edev\u0161\u00edm e-mailov\u00e1 adresa, \u010d\u00edslo telefonu, kontaktn\u00ed adresa, adresa pro doru\u010den\u00ed osv\u011bd\u010den\u00ed a dal\u0161\u00ed podobn\u00e9 informace (nejvy\u0161\u0161\u00ed dosa\u017een\u00e9 vzd\u011bl\u00e1n\u00ed a l\u00e9ka\u0159sk\u00e9 potvrzen\u00ed o schopnosti absolvovat rekvalifika\u010dn\u00ed kurz). Jedn\u00e1 se o osobn\u00ed \u00fadaje, d\u00edky kter\u00fdm v\u00e1s budeme moci kontaktovat a zaslat v\u00e1m z\u00edskan\u00e9 opr\u00e1vn\u011bn\u00ed.<\/li>\n<\/ul>\n<p><strong>P\u0159\u00edjemci a zpracovatel\u00e9 osobn\u00edch \u00fadaj\u016f<\/strong><\/p>\n<p>Osobn\u00ed \u00fadaje, kter\u00e9 jste n\u00e1m poskytli, jsou zp\u0159\u00edstupn\u011bny pouze spr\u00e1vci a v rozsahu nezbytn\u00e9m pro jejich \u010dinnost pak zpracovatel\u016fm. Jin\u00fdm osob\u00e1m nejsou p\u0159\u00edstupny.<\/p>\n<p>T\u00edm nen\u00ed dot\u010dena p\u0159\u00edpadn\u00e1 povinnost spr\u00e1vce tyto \u00fadaje p\u0159edat subjekt\u016fm, kter\u00e9 jsou na z\u00e1klad\u011b z\u00e1kona opr\u00e1vn\u011bny tyto \u00fadaje vy\u017e\u00e1dat.<\/p>\n<p>Zpracov\u00e1n\u00ed osobn\u00edch \u00fadaj\u016f mohou pro <strong>Petra Felgrov\u00e1, kurzy-pily s.r.o. <\/strong>prov\u00e1d\u011bt pouze zpracovatel\u00e9, a to na z\u00e1klad\u011b smlouvy o zpracov\u00e1n\u00ed osobn\u00edch \u00fadaj\u016f. V\u0161echny zpracovatele vyb\u00edr\u00e1me na z\u00e1klad\u011b z\u00e1ruk, kter\u00fdmi zabezpe\u010d\u00ed technickou a organiza\u010dn\u00ed ochranu n\u00e1mi p\u0159ed\u00e1van\u00fdch osobn\u00edch \u00fadaj\u016f.<\/p>\n<p>V tomto smyslu<strong> Petra Felgrov\u00e1, kurzy-pily s.r.o. <\/strong>poskytuje k opr\u00e1vn\u011bn\u00fdm \u00fa\u010del\u016fm osobn\u00ed \u00fadaje t\u011bmto p\u0159\u00edjemc\u016fm:<\/p>\n<ul>\n<li><strong>poskytovatel\u016fm IT slu\u017eeb<\/strong>\u00a0za \u00fa\u010delem zaji\u0161t\u011bn\u00ed podpory provozu informa\u010dn\u00edho syst\u00e9mu kurz\u016f,<\/li>\n<li><strong>poskytovatel\u016fm po\u0161tovn\u00edch a komunika\u010dn\u00edch slu\u017eeb<\/strong>\u00a0a slu\u017eeb elektronick\u00fdch komunikac\u00ed,<\/li>\n<\/ul>\n<p><strong>P\u0159ed\u00e1v\u00e1n\u00ed osobn\u00edch \u00fadaj\u016f do t\u0159et\u00edch zem\u00ed<\/strong><\/p>\n<p>Poskytov\u00e1n\u00ed na\u0161ich slu\u017eeb nevy\u017eaduje, abychom p\u0159ed\u00e1vali va\u0161e osobn\u00ed \u00fadaje ke zpracov\u00e1n\u00ed mimo EU.<\/p>\n<p><strong>Doba, po kterou jsou va\u0161e osobn\u00ed \u00fadaje ulo\u017eeny v Petra Felgrov\u00e1, kurzy-pily s.r.o.<\/strong><\/p>\n<p>Va\u0161e osobn\u00ed \u00fadaje uchov\u00e1v\u00e1me pouze po nezbytn\u011b nutnou dobu a archivujeme dle z\u00e1konn\u00fdch lh\u016ft, kter\u00e9 n\u00e1m ukl\u00e1daj\u00ed pr\u00e1vn\u00ed p\u0159edpisy.<\/p>\n<p>Osobn\u00ed \u00fadaje zpracov\u00e1v\u00e1me po dobu va\u0161\u00ed \u00fa\u010dasti v Kurzech a p\u0159\u00edpadn\u011b po dobu nezbytn\u011b nutnou k vypo\u0159\u00e1d\u00e1n\u00ed n\u00e1rok\u016f z va\u0161\u00ed \u00fa\u010dasti v Kurzech vze\u0161l\u00fdch.<\/p>\n<p>To znamen\u00e1, \u017ee\u00a0<strong>m\u00e1me nastavena p\u0159\u00edsn\u00e1 vnit\u0159n\u00ed pravidla, kter\u00e1 prov\u011b\u0159uj\u00ed z\u00e1konnost dr\u017een\u00ed osobn\u00edch \u00fadaj\u016f, a \u017ee \u00fadaje nedr\u017e\u00edme d\u00e9le, ne\u017e jsme opr\u00e1vn\u011bni<\/strong>. Po ztr\u00e1t\u011b z\u00e1konn\u00e9ho d\u016fvodu prov\u00e1d\u00edme v\u00fdmaz p\u0159\u00edslu\u0161n\u00fdch osobn\u00edch \u00fadaj\u016f.<\/p>\n<p><strong>Va\u0161e pr\u00e1va v souvislosti s ochranou osobn\u00edch \u00fadaj\u016f<\/strong><\/p>\n<p>Va\u0161e osobn\u00ed \u00fadaje zpracov\u00e1v\u00e1me transparentn\u011b, korektn\u011b a v souladu s legislativn\u00edmi po\u017eadavky. M\u00e1te pr\u00e1vo se na n\u00e1s kdykoliv obr\u00e1tit, abyste z\u00edskali informace o procesu zpracov\u00e1n\u00ed sv\u00fdch osobn\u00edch \u00fadaj\u016f \u010di za \u00fa\u010delem uplatn\u011bn\u00ed n\u00ed\u017ee uveden\u00fdch pr\u00e1v, kter\u00e1 souvisej\u00ed s osobn\u00edmi \u00fadaji.<\/p>\n<p><strong><u>Pr\u00e1vo na p\u0159\u00edstup k osobn\u00edm \u00fadaj\u016fm<\/u><\/strong><\/p>\n<p>M\u00e1te pr\u00e1vo vy\u017e\u00e1dat si kopii sv\u00fdch osobn\u00edch \u00fadaj\u016f, kter\u00e9 o v\u00e1s <strong>Petra Felgrov\u00e1, kurzy-pily s.r.o.<\/strong> \u00a0zpracov\u00e1v\u00e1. P\u0159ehled zpracov\u00e1van\u00fdch osobn\u00edch \u00fadaj\u016f naleznete po p\u0159ihl\u00e1\u0161en\u00ed do sv\u00e9ho profilu, pokud ho m\u00e1te z\u0159\u00edzen.<\/p>\n<p><strong><u>Pr\u00e1vo na opravu osobn\u00edch \u00fadaj\u016f<\/u><\/strong><\/p>\n<p>Pokud se domn\u00edv\u00e1te, \u017ee osobn\u00ed \u00fadaje, kter\u00e9 o v\u00e1s vedeme, jsou nep\u0159esn\u00e9 \u010di ne\u00fapln\u00e9, m\u00e1te pr\u00e1vo n\u00e1s po\u017e\u00e1dat o jejich aktualizaci \u010di dopln\u011bn\u00ed, p\u0159\u00edpadn\u011b prov\u00e9st opravu po p\u0159ihl\u00e1\u0161en\u00ed ve sv\u00e9m profilu.<\/p>\n<p><strong><u>Pr\u00e1vo na v\u00fdmaz osobn\u00edch \u00fadaj\u016f (pr\u00e1vo b\u00fdt zapomenut)<\/u><\/strong><\/p>\n<p>M\u00e1te pr\u00e1vo po\u017eadovat v\u00fdmaz sv\u00fdch osobn\u00edch \u00fadaj\u016f, pokud nejsou pot\u0159ebn\u00e9 pro \u00fa\u010del, pro kter\u00fd byly zpracov\u00e1v\u00e1ny. S ohledem na kategorii zpracov\u00e1van\u00e9ho osobn\u00edho \u00fadaje m\u016f\u017ee b\u00fdt d\u016fsledkem ukon\u010den\u00ed va\u0161\u00ed \u00fa\u010dasti v\u00a0kurzech.\u00a0<strong>Petra Felgrov\u00e1, kurzy-pily s.r.o.<\/strong> m\u00e1 z\u00e1konnou povinnost uchov\u00e1vat va\u0161e osobn\u00ed \u00fadaje po celou dobu trv\u00e1n\u00ed rekvalifika\u010dn\u00edho za\u0159\u00edzen\u00ed a po va\u0161\u00ed \u017e\u00e1dosti nebude s va\u0161imi \u00fadaji nijak nakl\u00e1d\u00e1no. Pouze p\u0159i va\u0161\u00ed \u017e\u00e1dosti o vystaven\u00ed duplik\u00e1t\u016f osv\u011bd\u010den\u00ed a pod.<\/p>\n<p><strong><u>Pr\u00e1vo na omezen\u00ed zpracov\u00e1n\u00ed osobn\u00edch \u00fadaj\u016f<\/u><\/strong><\/p>\n<p>M\u00e1te pr\u00e1vo po\u017eadovat omezen\u00ed zpracov\u00e1n\u00ed, pokud pop\u00edr\u00e1te p\u0159esnost va\u0161ich osobn\u00edch \u00fadaj\u016f, nebo je jejich zpracov\u00e1n\u00ed protipr\u00e1vn\u00ed, ale odm\u00edt\u00e1te v\u00fdmaz takov\u00fdch osobn\u00edch \u00fadaj\u016f.<\/p>\n<p>Na va\u0161i \u017e\u00e1dost m\u016f\u017eeme vybran\u00e9 osobn\u00ed \u00fadaje i po ztr\u00e1t\u011b titulu nad\u00e1le zpracov\u00e1vat, abyste mohl uplatnit nap\u0159\u00edklad u soudu n\u00e1rok, k n\u011bmu\u017e n\u00e1mi zpracov\u00e1van\u00e9 osobn\u00ed \u00fadaje pot\u0159ebujete.<\/p>\n<p><strong><u>Pr\u00e1vo na p\u0159enositelnost osobn\u00edch \u00fadaj\u016f<\/u><\/strong><\/p>\n<p>V p\u0159\u00edpad\u011b automatizovan\u00e9ho zpracov\u00e1n\u00ed osobn\u00edch \u00fadaj\u016f m\u00e1te pr\u00e1vo na tzv. p\u0159enositelnost t\u011bchto \u00fadaj\u016f. Zpracov\u00e1van\u00e9 osobn\u00ed \u00fadaje v\u00e1m budou poskytnuty po p\u0159ihl\u00e1\u0161en\u00ed do va\u0161eho profilu (pokud ho m\u00e1te z\u0159\u00edzen) ve form\u00e1tu Portable Document Format (PDF).<\/p>\n<p><strong><u>Pr\u00e1vo vzn\u00e9st n\u00e1mitku proti zpracov\u00e1n\u00ed osobn\u00edch \u00fadaj\u016f<\/u><\/strong><\/p>\n<p>Kdykoli m\u016f\u017eete vzn\u00e9st n\u00e1mitku proti zpracov\u00e1n\u00ed osobn\u00edch \u00fadaj\u016f. V takov\u00e9m p\u0159\u00edpad\u011b va\u0161e osobn\u00ed \u00fadaje ji\u017e nad\u00e1le nebudeme zpracov\u00e1vat pro tento \u00fa\u010del. Z\u00e1rove\u0148, s ohledem na v\u00e1mi rozporovan\u00e9 zpracov\u00e1n\u00ed, m\u016f\u017ee b\u00fdt d\u016fsledkem ukon\u010den\u00ed va\u0161\u00ed \u00fa\u010dasti v kurzech.<\/p>\n<p><strong>Pro uplatn\u011bn\u00ed sv\u00fdch pr\u00e1v se na n\u00e1s m\u016f\u017eete obr\u00e1tit prost\u0159ednictv\u00edm\u00a0<\/strong>kontakt\u016f uveden\u00fdch na <a href=\"http:\/\/kurzy-pily.cz\/\">http:\/\/kurzy-pily.cz\/<\/a><\/p>\n<p>Na va\u0161e \u017e\u00e1dosti t\u00fdkaj\u00edc\u00ed se uplatn\u011bn\u00ed va\u0161ich pr\u00e1v budeme reagovat bez zbyte\u010dn\u00e9ho odkladu ve lh\u016ft\u011b do 30 dn\u016f od obdr\u017een\u00ed \u017e\u00e1dosti.<\/p>\n<p>Lh\u016ftu je v p\u0159\u00edpad\u011b pot\u0159eby mo\u017en\u00e9 prodlou\u017eit o dal\u0161\u00ed dva m\u011bs\u00edce. O takov\u00e9m prodlou\u017een\u00ed v\u00e1s budeme v\u010detn\u011b d\u016fvod\u016f, kter\u00e9 n\u00e1s k n\u011bmu vedly, v\u017edy informovat.<\/p>\n<p><strong>Petra Felgrov\u00e1, kurzy-pily s.r.o.<\/strong> bude bez zbyte\u010dn\u00e9ho odkladu o \u017e\u00e1dosti o omezen\u00ed zpracov\u00e1n\u00ed, oprav\u011b, dopln\u011bn\u00ed nebo likvidaci osobn\u00edch \u00fadaj\u016f informovat p\u0159\u00edjemce osobn\u00edch \u00fadaj\u016f. To neplat\u00ed, pokud je informov\u00e1n\u00ed p\u0159\u00edjemce nemo\u017en\u00e9 nebo by vy\u017eadovalo ne\u00fam\u011brn\u00e9 \u00fasil\u00ed.<\/p>\n<p><strong><u>Pr\u00e1vo podat st\u00ed\u017enost u dozorov\u00e9ho \u00fa\u0159adu<\/u><\/strong><\/p>\n<p>M\u00e1te pr\u00e1vo podat st\u00ed\u017enost u dozorov\u00e9ho \u00fa\u0159adu (\u00da\u0159ad pro ochranu osobn\u00edch \u00fadaj\u016f), pokud se domn\u00edv\u00e1te, \u017ee p\u0159i zpracov\u00e1n\u00ed va\u0161ich osobn\u00edch \u00fadaj\u016f do\u0161lo k poru\u0161en\u00ed pravidel ochrany osobn\u00edch \u00fadaj\u016f.<\/p>\n<p><strong>\u00da\u0159ad pro ochranu osobn\u00edch \u00fadaj\u016f<\/strong><br \/>\nPplk. Sochora 27<br \/>\n170 00 Praha 7<br \/>\ntelefon: +420 234 665 111<\/p>\n<p>Pokud m\u00e1te jak\u00fdkoliv dotaz t\u00fdkaj\u00edc\u00ed se osobn\u00edch \u00fadaj\u016f, m\u016f\u017eete ho zaslat na email:\u00a0<a href=\"mailto:info@kurzy-pily.cz\">info@kurzy-pily.cz<\/a> \u00a0nebo telefonicky na +420\u00a0777\u00a0292 024<\/p>\n<p>&nbsp;<\/p>\n","protected":false},"excerpt":{"rendered":"<p>Z\u00e1sady zpracov\u00e1n\u00ed osobn\u00edch \u00fadaj\u016f. T\u00edmto dokumentem v\u00e1m poskytujeme informace o zp\u016fsobu a rozsahu zpracov\u00e1n\u00ed va\u0161ich osobn\u00edch \u00fadaj\u016f, v\u010detn\u011b rozsahu va\u0161ich pr\u00e1v souvisej\u00edc\u00edch se zpracov\u00e1n\u00edm osobn\u00edch \u00fadaj\u016f. P\u0159e\u010dt\u011bte si, pros\u00edm, tyto Z\u00e1sady zpracov\u00e1n\u00ed osobn\u00edch \u00fadaj\u016f pe\u010dliv\u011b. Ud\u011blali jsme v\u0161e pro to, aby byly co nejsrozumiteln\u011bj\u0161\u00ed. Co se dozv\u00edte o zpracov\u00e1n\u00ed osobn\u00edch \u00fadaj\u016f? Jak\u00e9 osobn\u00ed \u00fadaje shroma\u017e\u010fujeme, &hellip; <\/p>\n<p><a class=\"more-link btn\" href=\"https:\/\/kurzy-pily.cz\/?page_id=336\">Pokra\u010dovat ve \u010dten\u00ed<\/a><\/p>\n","protected":false},"author":1,"featured_media":0,"parent":0,"menu_order":0,"comment_status":"closed","ping_status":"closed","template":"","meta":{"footnotes":""},"class_list":["post-336","page","type-page","status-publish","hentry","nodate","item-wrap"],"_links":{"self":[{"href":"https:\/\/kurzy-pily.cz\/index.php?rest_route=\/wp\/v2\/pages\/336","targetHints":{"allow":["GET"]}}],"collection":[{"href":"https:\/\/kurzy-pily.cz\/index.php?rest_route=\/wp\/v2\/pages"}],"about":[{"href":"https:\/\/kurzy-pily.cz\/index.php?rest_route=\/wp\/v2\/types\/page"}],"author":[{"embeddable":true,"href":"https:\/\/kurzy-pily.cz\/index.php?rest_route=\/wp\/v2\/users\/1"}],"replies":[{"embeddable":true,"href":"https:\/\/kurzy-pily.cz\/index.php?rest_route=%2Fwp%2Fv2%2Fcomments&post=336"}],"version-history":[{"count":3,"href":"https:\/\/kurzy-pily.cz\/index.php?rest_route=\/wp\/v2\/pages\/336\/revisions"}],"predecessor-version":[{"id":340,"href":"https:\/\/kurzy-pily.cz\/index.php?rest_route=\/wp\/v2\/pages\/336\/revisions\/340"}],"wp:attachment":[{"href":"https:\/\/kurzy-pily.cz\/index.php?rest_route=%2Fwp%2Fv2%2Fmedia&parent=336"}],"curies":[{"name":"wp","href":"https:\/\/api.w.org\/{rel}","templated":true}]}}