{"id":34,"date":"2014-03-06T22:36:54","date_gmt":"2014-03-06T21:36:54","guid":{"rendered":"http:\/\/kurzy-pily.cz\/?page_id=34"},"modified":"2023-03-28T18:38:56","modified_gmt":"2023-03-28T17:38:56","slug":"kontakt","status":"publish","type":"page","link":"https:\/\/kurzy-pily.cz\/?page_id=34","title":{"rendered":"Kontakt"},"content":{"rendered":"<h2><\/h2>\n<h2 id=\"imPgTitle\"><span style=\"text-decoration: underline; color: #ff0000;\"><em><strong>Kontakt<\/strong><\/em><\/span><\/h2>\n<div>\n<div id=\"imCell_1\">\n<div id=\"imCellStyle_1\">\n<h4><span style=\"color: #ff0000;\">Nep\u0159ejeme si kontaktov\u00e1n\u00ed, jeho\u017e d\u016fvodem bude nab\u00edzen\u00ed slu\u017eeb nebo zbo\u017e\u00ed.<\/span><\/h4>\n<h3><strong>Petra Felgrov\u00e1, kurzy-pily s.r.o.<\/strong><\/h3>\n<p><strong>U Krbu 1434\/13, 100 00\u00a0 Praha 10<\/strong><\/p>\n<p><strong>I\u010c: 03031381<\/strong><\/p>\n<p><strong>TEL : +420\u00a0777\u00a0292\u00a0024<\/strong><\/p>\n<p>Firma je zapsan\u00e1 do obchodn\u00edho rejst\u0159\u00edku veden\u00e9ho M\u011bstsk\u00fdm soudem v Praze, odd\u00edl C, vlo\u017eka 225562.<\/p>\n<p><strong>Akreditace<\/strong><\/p>\n<p><strong>M\u0160MTV \u010cR.\u00a0\u010cj.: MSMT-25065\/2021-5<\/strong><strong>\u00a0ze dne 09.12.2021<\/strong><\/p>\n<p style=\"font-style: normal; line-height: 24.375px;\"><strong><a href=\"mailto:info@kurzy-pily.cz?subject=&amp;body=\">info@kurzy-pily.cz<\/a><\/strong><\/p>\n<p id=\"imTextObject_1_tab0\"><img loading=\"lazy\" decoding=\"async\" class=\"alignright wp-image-400\" src=\"http:\/\/kurzy-pily.cz\/wp-content\/uploads\/2014\/03\/Ve-\u017dl\u00edbku-300x166.jpeg\" alt=\"\" width=\"323\" height=\"178\" srcset=\"https:\/\/kurzy-pily.cz\/wp-content\/uploads\/2014\/03\/Ve-\u017dl\u00edbku-300x166.jpeg 300w, https:\/\/kurzy-pily.cz\/wp-content\/uploads\/2014\/03\/Ve-\u017dl\u00edbku.jpeg 667w\" sizes=\"auto, (max-width: 323px) 100vw, 323px\" \/><\/p>\n<p style=\"font-style: normal; line-height: 24.375px;\"><span style=\"text-decoration: underline;\"><strong><span style=\"color: #ff0000; text-decoration: underline;\">Pracovn\u00ed doba pro telefonick\u00fd kontakt: v pracovn\u00ed dny od 9:00 do 18:00<\/span><\/strong><\/span><strong><span style=\"color: #ff0000;\"> \u00a0 \u00a0 \u00a0 \u00a0 \u00a0 \u00a0 \u00a0 \u00a0 \u00a0 <span style=\"color: #000000;\"> \u00a0 \u00a0 \u00a0 \u00a0 \u00a0 \u00a0 \u00a0 \u00a0 \u00a0 \u00a0 \u00a0 \u00a0\u00a0<\/span><\/span><\/strong><\/p>\n<p style=\"font-style: normal; line-height: 24.375px;\">Nechte n\u00e1s alespo\u0148 n\u011bkdy odpo\u010d\u00edvat \ud83d\ude42<\/p>\n<p id=\"imTextObject_1_tab0\"><strong><a href=\"http:\/\/kurzy-pily.cz\/wp-content\/uploads\/2014\/03\/rekvalifikace-kreslen\u00e9.jpg\"><img loading=\"lazy\" decoding=\"async\" class=\"alignnone wp-image-181\" src=\"http:\/\/kurzy-pily.cz\/wp-content\/uploads\/2014\/03\/rekvalifikace-kreslen\u00e9-294x300.jpg\" alt=\"rekvalifikace kreslen\u00e9\" width=\"252\" height=\"257\" srcset=\"https:\/\/kurzy-pily.cz\/wp-content\/uploads\/2014\/03\/rekvalifikace-kreslen\u00e9-294x300.jpg 294w, https:\/\/kurzy-pily.cz\/wp-content\/uploads\/2014\/03\/rekvalifikace-kreslen\u00e9.jpg 885w\" sizes=\"auto, (max-width: 252px) 100vw, 252px\" \/><\/a><a href=\"http:\/\/kurzy-pily.cz\/wp-content\/uploads\/2014\/03\/Ve-\u017el\u00edbku.jpg\"><img loading=\"lazy\" decoding=\"async\" class=\"alignright wp-image-401\" src=\"http:\/\/kurzy-pily.cz\/wp-content\/uploads\/2014\/03\/Ve-\u017el\u00edbku-300x132.jpg\" alt=\"\" width=\"325\" height=\"143\" srcset=\"https:\/\/kurzy-pily.cz\/wp-content\/uploads\/2014\/03\/Ve-\u017el\u00edbku-300x132.jpg 300w, https:\/\/kurzy-pily.cz\/wp-content\/uploads\/2014\/03\/Ve-\u017el\u00edbku-768x337.jpg 768w, https:\/\/kurzy-pily.cz\/wp-content\/uploads\/2014\/03\/Ve-\u017el\u00edbku-1024x450.jpg 1024w, https:\/\/kurzy-pily.cz\/wp-content\/uploads\/2014\/03\/Ve-\u017el\u00edbku.jpg 1619w\" sizes=\"auto, (max-width: 325px) 100vw, 325px\" \/><\/a><\/strong><\/p>\n<p>Provozovna je na adrese<\/p>\n<p>Ve \u017dl\u00edbku 1849\/2A<\/p>\n<p>193 00 Praha 9<\/p>\n<p><span style=\"color: #ff0000;\"><strong>Pracovn\u00ed doba: dle domluvy na tel. 777 292 024, nebo 778 547 585<\/strong><\/span><\/p>\n<p><a href=\"https:\/\/mapy.cz\/zakladni?x=14.6240639&amp;y=50.1197691&amp;z=17&amp;source=addr&amp;id=9270827\">https:\/\/mapy.cz\/zakladni?x=14.6240639&amp;y=50.1197691&amp;z=17&amp;source=addr&amp;id=9270827<\/a><\/p>\n<\/div>\n<\/div>\n<div id=\"imCell_1\">\n<div id=\"imCellStyle_1\">\n<p><a href=\"https:\/\/waze.com\/ul\/hu2fmhu15m\">https:\/\/waze.com\/ul\/hu2fmhu15m<\/a><\/p>\n<\/div>\n<p>Praxe prob\u00edh\u00e1 ve Vran\u00e9m nad Vltavou.<\/p>\n<p><a href=\"https:\/\/mapy.cz\/s\/punolabugo\">https:\/\/mapy.cz\/s\/punolabugo<\/a><\/p>\n<\/div>\n<\/div>\n","protected":false},"excerpt":{"rendered":"<p>Kontakt Nep\u0159ejeme si kontaktov\u00e1n\u00ed, jeho\u017e d\u016fvodem bude nab\u00edzen\u00ed slu\u017eeb nebo zbo\u017e\u00ed. Petra Felgrov\u00e1, kurzy-pily s.r.o. U Krbu 1434\/13, 100 00\u00a0 Praha 10 I\u010c: 03031381 TEL : +420\u00a0777\u00a0292\u00a0024 Firma je zapsan\u00e1 do obchodn\u00edho rejst\u0159\u00edku veden\u00e9ho M\u011bstsk\u00fdm soudem v Praze, odd\u00edl C, vlo\u017eka 225562. Akreditace M\u0160MTV \u010cR.\u00a0\u010cj.: MSMT-25065\/2021-5\u00a0ze dne 09.12.2021 info@kurzy-pily.cz Pracovn\u00ed doba pro telefonick\u00fd kontakt: v &hellip; <\/p>\n<p><a class=\"more-link btn\" href=\"https:\/\/kurzy-pily.cz\/?page_id=34\">Pokra\u010dovat ve \u010dten\u00ed<\/a><\/p>\n","protected":false},"author":1,"featured_media":0,"parent":0,"menu_order":0,"comment_status":"closed","ping_status":"closed","template":"","meta":{"footnotes":""},"class_list":["post-34","page","type-page","status-publish","hentry","nodate","item-wrap"],"_links":{"self":[{"href":"https:\/\/kurzy-pily.cz\/index.php?rest_route=\/wp\/v2\/pages\/34","targetHints":{"allow":["GET"]}}],"collection":[{"href":"https:\/\/kurzy-pily.cz\/index.php?rest_route=\/wp\/v2\/pages"}],"about":[{"href":"https:\/\/kurzy-pily.cz\/index.php?rest_route=\/wp\/v2\/types\/page"}],"author":[{"embeddable":true,"href":"https:\/\/kurzy-pily.cz\/index.php?rest_route=\/wp\/v2\/users\/1"}],"replies":[{"embeddable":true,"href":"https:\/\/kurzy-pily.cz\/index.php?rest_route=%2Fwp%2Fv2%2Fcomments&post=34"}],"version-history":[{"count":20,"href":"https:\/\/kurzy-pily.cz\/index.php?rest_route=\/wp\/v2\/pages\/34\/revisions"}],"predecessor-version":[{"id":4719,"href":"https:\/\/kurzy-pily.cz\/index.php?rest_route=\/wp\/v2\/pages\/34\/revisions\/4719"}],"wp:attachment":[{"href":"https:\/\/kurzy-pily.cz\/index.php?rest_route=%2Fwp%2Fv2%2Fmedia&parent=34"}],"curies":[{"name":"wp","href":"https:\/\/api.w.org\/{rel}","templated":true}]}}