{"id":69,"date":"2014-03-21T19:43:54","date_gmt":"2014-03-21T18:43:54","guid":{"rendered":"http:\/\/kurzy-pily.cz\/?page_id=69"},"modified":"2025-08-08T13:58:55","modified_gmt":"2025-08-08T12:58:55","slug":"skoleni-bozp-pily","status":"publish","type":"page","link":"https:\/\/kurzy-pily.cz\/?page_id=69","title":{"rendered":"\u0160kolen\u00ed BOZP &#8211; pily"},"content":{"rendered":"<p><a href=\"http:\/\/kurzy-pily.cz\/wp-content\/uploads\/2014\/03\/1932484_10152068980934473_1636633024_n.jpg\"><img loading=\"lazy\" decoding=\"async\" class=\"alignright size-medium wp-image-378\" src=\"http:\/\/kurzy-pily.cz\/wp-content\/uploads\/2014\/03\/1932484_10152068980934473_1636633024_n-249x300.jpg\" alt=\"\" width=\"249\" height=\"300\" srcset=\"https:\/\/kurzy-pily.cz\/wp-content\/uploads\/2014\/03\/1932484_10152068980934473_1636633024_n-249x300.jpg 249w, https:\/\/kurzy-pily.cz\/wp-content\/uploads\/2014\/03\/1932484_10152068980934473_1636633024_n.jpg 507w\" sizes=\"auto, (max-width: 249px) 100vw, 249px\" \/><\/a>Z\u00e1kladn\u00ed \u0161kolen\u00ed pro pr\u00e1ci s motorovou pilou a k\u0159ovino\u0159ezem.<br \/>\nProv\u00e1d\u00edme odborn\u00e1 \u0161kolen\u00ed obsluhy p\u0159enosn\u00fdch \u0159et\u011bzov\u00fdch pil a k\u0159ovino\u0159ez\u016f v r\u00e1mci Na\u0159\u00edzen\u00ed vl\u00e1dy \u010d. 339\/2017 Sb. a souvisej\u00edc\u00edch p\u0159edpis\u016f.<br \/>\n&#8211; individu\u00e1ln\u00ed \u010di skupinov\u00e9 kurzy<br \/>\n&#8211; ve vlastn\u00ed u\u010debn\u011b, nebo p\u0159\u00edmo u V\u00e1s (po dohod\u011b p\u0159ijedeme k v\u00e1m a pro\u0161kol\u00edme ve va\u0161ich prostor\u00e1ch)<br \/>\n&#8211; opakovan\u00e1 i \u00favodn\u00ed \u0161kolen\u00ed v\u010detn\u011b praktick\u00e9ho z\u00e1cviku pod veden\u00edm zku\u0161en\u00fdch lektor\u016f<\/p>\n<p>Absolventi kurzu mohou vykon\u00e1vat \u010dinnosti spojen\u00e9 s obsluhou k\u0159ovino\u0159ez\u016f a ru\u010dn\u00edch motorov\u00fdch \u0159et\u011bzov\u00fdch pil poh\u00e1n\u011bn\u00fdch spalovac\u00edm nebo elektrick\u00fdm motorem.<br \/>\nHodinov\u00e1 n\u00e1pl\u0148 kurzu:<br \/>\nT\u0159i hodiny teorie (BOZP, \u00fadr\u017eba a b\u011b\u017en\u00e9 opravy, brou\u0161en\u00ed a prvn\u00ed pomoc p\u0159i \u00farazech). Hodina praktick\u00e9ho v\u00fdcviku. Z\u00e1v\u011bre\u010dn\u00e1 zkou\u0161ka formou testu.<br \/>\nPo \u00fasp\u011b\u0161n\u00e9m slo\u017een\u00ed testu \u00fa\u010dastn\u00edci obdr\u017e\u00ed potvrzen\u00ed o absolvov\u00e1n\u00ed kurzu.<br \/>\nCena kurzu se odv\u00edj\u00ed od po\u010dtu absolvent\u016f: Viz cen\u00edk<\/p>\n<p>\u0160kolen\u00ed je cca 5 hodin.<\/p>\n<p>V p\u0159\u00edpad\u011b roz\u0161\u00ed\u0159en\u00e9ho \u0161kolen\u00ed o praktickou \u010d\u00e1st jednodenn\u00edho k\u00e1cen\u00ed je cena za osobu 4 500,- K\u010d<\/p>\n<p>P\u0159i \u00a0po\u010dtu 20 a v\u00edce absolvent\u016f lze ud\u011blat kalkulaci na m\u00edru.<\/p>\n","protected":false},"excerpt":{"rendered":"<p>Z\u00e1kladn\u00ed \u0161kolen\u00ed pro pr\u00e1ci s motorovou pilou a k\u0159ovino\u0159ezem. Prov\u00e1d\u00edme odborn\u00e1 \u0161kolen\u00ed obsluhy p\u0159enosn\u00fdch \u0159et\u011bzov\u00fdch pil a k\u0159ovino\u0159ez\u016f v r\u00e1mci Na\u0159\u00edzen\u00ed vl\u00e1dy \u010d. 339\/2017 Sb. a souvisej\u00edc\u00edch p\u0159edpis\u016f. &#8211; individu\u00e1ln\u00ed \u010di skupinov\u00e9 kurzy &#8211; ve vlastn\u00ed u\u010debn\u011b, nebo p\u0159\u00edmo u V\u00e1s (po dohod\u011b p\u0159ijedeme k v\u00e1m a pro\u0161kol\u00edme ve va\u0161ich prostor\u00e1ch) &#8211; opakovan\u00e1 i \u00favodn\u00ed &hellip; <\/p>\n<p><a class=\"more-link btn\" href=\"https:\/\/kurzy-pily.cz\/?page_id=69\">Pokra\u010dovat ve \u010dten\u00ed<\/a><\/p>\n","protected":false},"author":1,"featured_media":0,"parent":0,"menu_order":0,"comment_status":"closed","ping_status":"closed","template":"","meta":{"footnotes":""},"class_list":["post-69","page","type-page","status-publish","hentry","nodate","item-wrap"],"_links":{"self":[{"href":"https:\/\/kurzy-pily.cz\/index.php?rest_route=\/wp\/v2\/pages\/69","targetHints":{"allow":["GET"]}}],"collection":[{"href":"https:\/\/kurzy-pily.cz\/index.php?rest_route=\/wp\/v2\/pages"}],"about":[{"href":"https:\/\/kurzy-pily.cz\/index.php?rest_route=\/wp\/v2\/types\/page"}],"author":[{"embeddable":true,"href":"https:\/\/kurzy-pily.cz\/index.php?rest_route=\/wp\/v2\/users\/1"}],"replies":[{"embeddable":true,"href":"https:\/\/kurzy-pily.cz\/index.php?rest_route=%2Fwp%2Fv2%2Fcomments&post=69"}],"version-history":[{"count":13,"href":"https:\/\/kurzy-pily.cz\/index.php?rest_route=\/wp\/v2\/pages\/69\/revisions"}],"predecessor-version":[{"id":4755,"href":"https:\/\/kurzy-pily.cz\/index.php?rest_route=\/wp\/v2\/pages\/69\/revisions\/4755"}],"wp:attachment":[{"href":"https:\/\/kurzy-pily.cz\/index.php?rest_route=%2Fwp%2Fv2%2Fmedia&parent=69"}],"curies":[{"name":"wp","href":"https:\/\/api.w.org\/{rel}","templated":true}]}}